{"id":155,"date":"2018-02-06T12:55:41","date_gmt":"2018-02-06T12:55:41","guid":{"rendered":"http:\/\/bridge151.qodeinteractive.com\/?page_id=155"},"modified":"2021-12-13T23:21:23","modified_gmt":"2021-12-13T23:21:23","slug":"about-our-lab","status":"publish","type":"page","link":"https:\/\/selab.com.ar\/index.php\/about-our-lab\/","title":{"rendered":"Acerca de Selab"},"content":{"rendered":"<p>[vc_row css_animation=\u00bb\u00bb row_type=\u00bbrow\u00bb use_row_as_full_screen_section=\u00bbno\u00bb type=\u00bbfull_width\u00bb angled_section=\u00bbno\u00bb text_align=\u00bbleft\u00bb background_image_as_pattern=\u00bbwithout_pattern\u00bb padding_top=\u00bb20&#8243; padding_bottom=\u00bb20&#8243; z_index=\u00bb\u00bb css=\u00bb.vc_custom_1517922558530{background-color: #ffffff !important;}\u00bb][vc_column]<div class=\"container_inner\"><div class=\"call_to_action normal\" style=\"background-color: #ffffff;padding-top: 35px;padding-bottom: 27px;\"><div class=\"text_wrapper \"><div class=\"call_to_action_text  letter_spacing_inherit\" style=\"letter-spacing: 0px;\">\n<h2 style=\"text-align: center;\"><span style=\"font-size: 24pt;\">Selab es un laboratorio de An\u00e1lisis Bioqu\u00edmicos que integra especialistas con un pensamiento generacional actual, con calidad humana y tecnol\u00f3gica<\/span><\/h2>\n<pre style=\"text-align: center;\"><span style=\"font-family: 'book antiqua', palatino; color: #000000; font-size: 14pt;\">\u00a0<\/span><\/pre>\n<\/div><\/div><\/div><\/div>[\/vc_column][\/vc_row][vc_row css_animation=\u00bb\u00bb row_type=\u00bbrow\u00bb use_row_as_full_screen_section=\u00bbno\u00bb type=\u00bbgrid\u00bb angled_section=\u00bbno\u00bb text_align=\u00bbleft\u00bb background_image_as_pattern=\u00bbwithout_pattern\u00bb padding_top=\u00bb115&#8243; padding_bottom=\u00bb83&#8243; z_index=\u00bb\u00bb css=\u00bb.vc_custom_1517922176787{background-color: #ffffff !important;}\u00bb][vc_column offset=\u00bbvc_col-md-4&#8243;][vc_single_image image=\u00bb157&#8243; img_size=\u00bbfull\u00bb qode_css_animation=\u00bb\u00bb][vc_empty_space height=\u00bb30px\u00bb][vc_column_text]<\/p>\n<h2>Urgencias en el d\u00eda<\/h2>\n<p>[\/vc_column_text][vc_empty_space height=\u00bb18px\u00bb][vc_column_text]Utilizamos el recurso tecnol\u00f3gico y logistico para poder responder a las necesidades de urgencia.[\/vc_column_text][vc_empty_space height=\u00bb30px\u00bb][\/vc_column][vc_column offset=\u00bbvc_col-md-4&#8243;][vc_single_image image=\u00bb164&#8243; img_size=\u00bbfull\u00bb qode_css_animation=\u00bb\u00bb][vc_empty_space height=\u00bb30px\u00bb][vc_column_text]<\/p>\n<h2>Extracciones a Domicilio<\/h2>\n<p>[\/vc_column_text][vc_empty_space height=\u00bb18px\u00bb][vc_column_text]Brindamos este servicio dentro de la ciudad con un arancel accesible.<br \/>\nSolicit\u00e1ndolo con turno previo, uno de nuestros profesionales se acercar\u00e1 a su<br \/>\ndomicilio en un horario convenido.[\/vc_column_text][vc_empty_space height=\u00bb30px\u00bb][\/vc_column][vc_column offset=\u00bbvc_col-md-4&#8243;][vc_single_image image=\u00bb234&#8243; img_size=\u00bbfull\u00bb qode_css_animation=\u00bb\u00bb][vc_empty_space height=\u00bb30px\u00bb][vc_column_text]<\/p>\n<h2>Atenci\u00f3n a ni\u00f1os<\/h2>\n<p>[\/vc_column_text][vc_empty_space height=\u00bb18px\u00bb][vc_column_text]Contamos con profesionales capacitados para la extracci\u00f3n desde reci\u00e9n nacidos,<br \/>\nbrind\u00e1ndoles seguridad a sus padres y un trato muy especial con los m\u00e1s<br \/>\npeque\u00f1os.[\/vc_column_text][vc_empty_space height=\u00bb30px\u00bb][\/vc_column][\/vc_row]<\/p>\n","protected":false},"excerpt":{"rendered":"<p>[vc_row css_animation=\u00bb\u00bb row_type=\u00bbrow\u00bb use_row_as_full_screen_section=\u00bbno\u00bb type=\u00bbfull_width\u00bb angled_section=\u00bbno\u00bb text_align=\u00bbleft\u00bb background_image_as_pattern=\u00bbwithout_pattern\u00bb padding_top=\u00bb20&#8243; padding_bottom=\u00bb20&#8243; z_index=\u00bb\u00bb css=\u00bb.vc_custom_1517922558530{background-color: #ffffff !important;}\u00bb][vc_column][\/vc_column][\/vc_row][vc_row css_animation=\u00bb\u00bb row_type=\u00bbrow\u00bb use_row_as_full_screen_section=\u00bbno\u00bb type=\u00bbgrid\u00bb angled_section=\u00bbno\u00bb text_align=\u00bbleft\u00bb background_image_as_pattern=\u00bbwithout_pattern\u00bb padding_top=\u00bb115&#8243; padding_bottom=\u00bb83&#8243; z_index=\u00bb\u00bb css=\u00bb.vc_custom_1517922176787{background-color: #ffffff !important;}\u00bb][vc_column offset=\u00bbvc_col-md-4&#8243;][vc_single_image image=\u00bb157&#8243; img_size=\u00bbfull\u00bb qode_css_animation=\u00bb\u00bb][vc_empty_space height=\u00bb30px\u00bb][vc_column_text] Urgencias en el d\u00eda [\/vc_column_text][vc_empty_space height=\u00bb18px\u00bb][vc_column_text]Utilizamos el recurso tecnol\u00f3gico y logistico para poder&#8230;<\/p>\n","protected":false},"author":1,"featured_media":0,"parent":0,"menu_order":0,"comment_status":"closed","ping_status":"closed","template":"full_width.php","meta":{"footnotes":""},"class_list":["post-155","page","type-page","status-publish","hentry"],"_links":{"self":[{"href":"https:\/\/selab.com.ar\/index.php\/wp-json\/wp\/v2\/pages\/155","targetHints":{"allow":["GET"]}}],"collection":[{"href":"https:\/\/selab.com.ar\/index.php\/wp-json\/wp\/v2\/pages"}],"about":[{"href":"https:\/\/selab.com.ar\/index.php\/wp-json\/wp\/v2\/types\/page"}],"author":[{"embeddable":true,"href":"https:\/\/selab.com.ar\/index.php\/wp-json\/wp\/v2\/users\/1"}],"replies":[{"embeddable":true,"href":"https:\/\/selab.com.ar\/index.php\/wp-json\/wp\/v2\/comments?post=155"}],"version-history":[{"count":18,"href":"https:\/\/selab.com.ar\/index.php\/wp-json\/wp\/v2\/pages\/155\/revisions"}],"predecessor-version":[{"id":595,"href":"https:\/\/selab.com.ar\/index.php\/wp-json\/wp\/v2\/pages\/155\/revisions\/595"}],"wp:attachment":[{"href":"https:\/\/selab.com.ar\/index.php\/wp-json\/wp\/v2\/media?parent=155"}],"curies":[{"name":"wp","href":"https:\/\/api.w.org\/{rel}","templated":true}]}}