{"id":175,"date":"2018-02-06T13:23:47","date_gmt":"2018-02-06T13:23:47","guid":{"rendered":"http:\/\/bridge151.qodeinteractive.com\/?page_id=175"},"modified":"2021-12-13T23:22:31","modified_gmt":"2021-12-13T23:22:31","slug":"our-services","status":"publish","type":"page","link":"https:\/\/selab.com.ar\/index.php\/our-services\/","title":{"rendered":"Calidad"},"content":{"rendered":"<p>[vc_row css_animation=\u00bb\u00bb row_type=\u00bbrow\u00bb use_row_as_full_screen_section=\u00bbno\u00bb type=\u00bbgrid\u00bb angled_section=\u00bbno\u00bb text_align=\u00bbcenter\u00bb background_image_as_pattern=\u00bbwithout_pattern\u00bb padding_top=\u00bb113&#8243; padding_bottom=\u00bb64&#8243; z_index=\u00bb\u00bb css=\u00bb.vc_custom_1517923729372{background-color: #ffffff !important;}\u00bb][vc_column width=\u00bb5\/6&#8243; offset=\u00bbvc_col-sm-offset-1&#8243;][vc_column_text]<\/p>\n<h1>La calidad de nuestros resultados<\/h1>\n<p>[\/vc_column_text][vc_empty_space height=\u00bb28px\u00bb][vc_column_text]<\/p>\n<h3>La calidad de nuestros resultados depende de 4 pilares fundamentales.<\/h3>\n<p>[\/vc_column_text][\/vc_column][\/vc_row][vc_row css_animation=\u00bb\u00bb row_type=\u00bbrow\u00bb use_row_as_full_screen_section=\u00bbno\u00bb type=\u00bbfull_width\u00bb angled_section=\u00bbno\u00bb text_align=\u00bbleft\u00bb background_image_as_pattern=\u00bbwithout_pattern\u00bb][vc_column][vc_separator type=\u00bbnormal\u00bb][\/vc_column][\/vc_row][vc_row css_animation=\u00bb\u00bb row_type=\u00bbrow\u00bb use_row_as_full_screen_section=\u00bbno\u00bb type=\u00bbgrid\u00bb angled_section=\u00bbno\u00bb text_align=\u00bbcenter\u00bb background_image_as_pattern=\u00bbwithout_pattern\u00bb padding_top=\u00bb30&#8243; padding_bottom=\u00bb30&#8243; z_index=\u00bb\u00bb css=\u00bb.vc_custom_1635463899206{background-color: #f5f6f6 !important;}\u00bb][vc_column width=\u00bb1\/6&#8243;]<div class='image_hover ' style='' data-transition-delay=''><div class='images_holder'><a itemprop='url' href='#' target='_self'><img itemprop='image' class='' src='' alt='' style='' \/><img itemprop='image' class='hover_image' src='' alt='' style='' \/><\/a><\/div><\/div>[vc_empty_space height=\u00bb30px\u00bb][vc_column_text][\/vc_column_text][vc_empty_space height=\u00bb30px\u00bb][\/vc_column][vc_column width=\u00bb1\/6&#8243; offset=\u00bbvc_col-lg-2 vc_col-md-4&#8243;]<div class='image_hover hovered' style='' data-transition-delay=''><div class='images_holder'><a itemprop='url' href='#' target='_self'><img itemprop='image' class='active_image ' src='https:\/\/selab.com.ar\/wp-content\/uploads\/2018\/02\/home-custom-icon-1.jpg' alt='' style='' \/><img itemprop='image' class='hover_image' src='https:\/\/selab.com.ar\/wp-content\/uploads\/2018\/02\/home-custom-icon-h1.jpg' alt='' style='' \/><\/a><\/div><\/div>[vc_empty_space height=\u00bb18px\u00bb][vc_column_text]<\/p>\n<h4>Equipamiento<\/h4>\n<p>Contamos con infraestructura de avanzada tecnolog\u00eda que nos permite obtener resultados con exactitud y precisi\u00f3n \u00a0en menor tiempo.[\/vc_column_text][vc_empty_space height=\u00bb30px\u00bb][\/vc_column][vc_column width=\u00bb1\/6&#8243; offset=\u00bbvc_col-lg-2 vc_col-md-4&#8243;]<div class='image_hover ' style='' data-transition-delay=''><div class='images_holder'><a itemprop='url' href='#' target='_self'><img itemprop='image' class='active_image ' src='https:\/\/selab.com.ar\/wp-content\/uploads\/2018\/02\/home-custom-icon-5.jpg' alt='' style='' \/><img itemprop='image' class='hover_image' src='https:\/\/selab.com.ar\/wp-content\/uploads\/2018\/02\/home-custom-icon-h5.jpg' alt='' style='' \/><\/a><\/div><\/div>[vc_empty_space height=\u00bb18px\u00bb][vc_column_text]<\/p>\n<h4>Profesionales<\/h4>\n<p>El plantel del laboratorio est\u00e1 formado por un amplio grupo de bioqu\u00edmicos y t\u00e9cnicos con\u00a0 formaci\u00f3n en residencias hospitalarias, postgrados y trayectoria en instituciones tanto p\u00fablicas como privadas.[\/vc_column_text][vc_empty_space height=\u00bb30px\u00bb][\/vc_column][vc_column width=\u00bb1\/6&#8243; offset=\u00bbvc_col-lg-2 vc_col-md-4&#8243;]<div class='image_hover ' style='' data-transition-delay=''><div class='images_holder'><a itemprop='url' href='#' target='_self'><img itemprop='image' class='active_image ' src='https:\/\/selab.com.ar\/wp-content\/uploads\/2018\/02\/home-custom-icon-2.jpg' alt='' style='' \/><img itemprop='image' class='hover_image' src='https:\/\/selab.com.ar\/wp-content\/uploads\/2018\/02\/home-custom-icon-h2.jpg' alt='' style='' \/><\/a><\/div><\/div>[vc_empty_space height=\u00bb18px\u00bb][vc_column_text]<\/p>\n<h4>Procesos de Control<\/h4>\n<p>Cada etapa del proceso preanal\u00edtico y anal\u00edtico cuenta con un riguroso control.<br \/>\nOtorgamos al paciente la informaci\u00f3n e indicaciones necesarias para los estudios<br \/>\na realizar; efectuamos un interrogatorio durante la extracci\u00f3n que nos ayuda a<br \/>\nvalidar sus resultados y utilizamos controles internos y externos que nos aseguran<br \/>\nla calidad de nuestros procedimientos.[\/vc_column_text][vc_empty_space height=\u00bb18px\u00bb][\/vc_column][vc_column width=\u00bb1\/6&#8243; offset=\u00bbvc_col-lg-2 vc_col-md-4&#8243;]<div class='image_hover ' style='' data-transition-delay=''><div class='images_holder'><a itemprop='url' href='#' target='_self'><img itemprop='image' class='active_image ' src='https:\/\/selab.com.ar\/wp-content\/uploads\/2018\/02\/home-custom-icon-3.jpg' alt='' style='' \/><img itemprop='image' class='hover_image' src='https:\/\/selab.com.ar\/wp-content\/uploads\/2018\/02\/home-custom-icon-h3.jpg' alt='' style='' \/><\/a><\/div><\/div>[vc_empty_space height=\u00bb18px\u00bb][vc_column_text]<\/p>\n<h4>Sistemas<\/h4>\n<p>El laboratorio trabaja con un sistema inform\u00e1tico de gesti\u00f3n que nos permite mediante el uso de c\u00f3digo de barras correlacionar la identidad del paciente con los an\u00e1lisis solicitados, vinculando esta informaci\u00f3n on line con los auto analizadores.[\/vc_column_text][vc_empty_space height=\u00bb30px\u00bb][\/vc_column][vc_column width=\u00bb1\/6&#8243;]<div class='image_hover ' style='' data-transition-delay=''><div class='images_holder'><a itemprop='url' href='#' target='_self'><img itemprop='image' class='' src='' alt='' style='' \/><img itemprop='image' class='hover_image' src='' alt='' style='' \/><\/a><\/div><\/div>[vc_empty_space height=\u00bb30px\u00bb][vc_column_text][\/vc_column_text][vc_empty_space height=\u00bb30px\u00bb][\/vc_column][\/vc_row][vc_row css_animation=\u00bb\u00bb row_type=\u00bbrow\u00bb use_row_as_full_screen_section=\u00bbno\u00bb type=\u00bbfull_width\u00bb angled_section=\u00bbno\u00bb text_align=\u00bbleft\u00bb background_image_as_pattern=\u00bbwithout_pattern\u00bb][vc_column][vc_separator type=\u00bbnormal\u00bb][\/vc_column][\/vc_row][vc_row css_animation=\u00bb\u00bb row_type=\u00bbrow\u00bb use_row_as_full_screen_section=\u00bbno\u00bb type=\u00bbgrid\u00bb angled_section=\u00bbno\u00bb text_align=\u00bbleft\u00bb background_image_as_pattern=\u00bbwithout_pattern\u00bb padding_bottom=\u00bb131&#8243; css=\u00bb.vc_custom_1517924800936{background-color: #ffffff !important;}\u00bb z_index=\u00bb\u00bb][vc_column offset=\u00bbvc_col-md-6&#8243;][qode_elements_holder number_of_columns=\u00bbone_column\u00bb][qode_elements_holder_item vertical_alignment=\u00bbmiddle\u00bb horizontal_alignment=\u00bbcenter\u00bb advanced_animations=\u00bbno\u00bb background_image=\u00bb182&#8243; item_padding=\u00bb128px 0 128px 0&#8243;]<div class=\"qode_video_box\">\n\t<a itemprop=\"image\" class=\"qode_video_image\" href=\"https:\/\/vimeo.com\/75492893\" data-rel=\"prettyPhoto\">\n\t\t\t\n\t\t\t<img decoding=\"async\" src=\"https:\/\/selab.com.ar\/wp-content\/uploads\/2018\/02\/video-button-1.png\" \/>\n\t\t\t<span class=\"qode_video_box_button_holder\">\n\t\t\t\t<span class=\"qode_video_box_button\">\n\t\t\t\t\t<span class=\"qode_video_box_button_arrow\">\n\t\t\t\t\t<\/span>\n\t\t\t\t<\/span>\n\t\t\t<\/span>\n\t\t\t<\/a>\n<\/div>[\/qode_elements_holder_item][\/qode_elements_holder][\/vc_column][vc_column offset=\u00bbvc_col-md-6&#8243;][qode_elements_holder number_of_columns=\u00bbone_column\u00bb][qode_elements_holder_item vertical_alignment=\u00bbtop\u00bb advanced_animations=\u00bbno\u00bb background_color=\u00bb#ffffff\u00bb item_padding=\u00bb39px 0 0 0&#8243; item_padding_768_1024=\u00bb9px 0 0 0&#8243; item_padding_600_768=\u00bb70px 0 0 0&#8243; item_padding_480_600=\u00bb70px 0 0 0&#8243; item_padding_480=\u00bb70px 0 0 0&#8243;]<div class='q_icon_with_title tiny circle '><div class=\"icon_holder \" style=\" \"><span data-icon-type=\"circle\"   class=\"qode_iwt_icon_holder fa-stack fa-lg  \" style=\"font-size: 28px;border-color: #f2f2f2;background-color: #f2f2f2;\"><i class=\"qode_icon_font_awesome fa fa-check qode_iwt_icon_element\" style=\"font-size: 26px;color: #c6007e;\" ><\/i><\/span><\/div><div class=\"icon_text_holder\" style=\"padding-left:81px;\"><div class=\"icon_text_inner\" style=\"\"><h4 class=\"icon_title\" style=\"\">Capacitacion Constante<\/h4><p style=''><\/p><\/div><\/div><\/div>[vc_empty_space]<div class='q_icon_with_title tiny circle '><div class=\"icon_holder \" style=\" \"><span data-icon-type=\"circle\"   class=\"qode_iwt_icon_holder fa-stack fa-lg  \" style=\"font-size: 28px;border-color: #f2f2f2;background-color: #f2f2f2;\"><i class=\"qode_icon_font_awesome fa fa-check qode_iwt_icon_element\" style=\"font-size: 26px;color: #c6007e;\" ><\/i><\/span><\/div><div class=\"icon_text_holder\" style=\"padding-left:81px;\"><div class=\"icon_text_inner\" style=\"\"><h4 class=\"icon_title\" style=\"\">Equipos de Analisis actualizados<\/h4><p style=''><\/p><\/div><\/div><\/div>[vc_empty_space height=\u00bb27px\u00bb]<div class='q_icon_with_title tiny circle '><div class=\"icon_holder \" style=\" \"><span data-icon-type=\"circle\"   class=\"qode_iwt_icon_holder fa-stack fa-lg  \" style=\"font-size: 28px;border-color: #f2f2f2;background-color: #f2f2f2;\"><i class=\"qode_icon_font_awesome fa fa-check qode_iwt_icon_element\" style=\"font-size: 26px;color: #c6007e;\" ><\/i><\/span><\/div><div class=\"icon_text_holder\" style=\"padding-left:81px;\"><div class=\"icon_text_inner\" style=\"\"><h4 class=\"icon_title\" style=\"\">Sistemas de \u00faltima generaci\u00f3n con codigos de barra.<\/h4><p style=''><\/p><\/div><\/div><\/div>[\/qode_elements_holder_item][\/qode_elements_holder][\/vc_column][\/vc_row]<\/p>\n","protected":false},"excerpt":{"rendered":"<p>[vc_row css_animation=\u00bb\u00bb row_type=\u00bbrow\u00bb use_row_as_full_screen_section=\u00bbno\u00bb type=\u00bbgrid\u00bb angled_section=\u00bbno\u00bb text_align=\u00bbcenter\u00bb background_image_as_pattern=\u00bbwithout_pattern\u00bb padding_top=\u00bb113&#8243; padding_bottom=\u00bb64&#8243; z_index=\u00bb\u00bb css=\u00bb.vc_custom_1517923729372{background-color: #ffffff !important;}\u00bb][vc_column width=\u00bb5\/6&#8243; offset=\u00bbvc_col-sm-offset-1&#8243;][vc_column_text] La calidad de nuestros resultados [\/vc_column_text][vc_empty_space height=\u00bb28px\u00bb][vc_column_text] La calidad de nuestros resultados depende de 4 pilares fundamentales. [\/vc_column_text][\/vc_column][\/vc_row][vc_row css_animation=\u00bb\u00bb row_type=\u00bbrow\u00bb use_row_as_full_screen_section=\u00bbno\u00bb type=\u00bbfull_width\u00bb angled_section=\u00bbno\u00bb text_align=\u00bbleft\u00bb background_image_as_pattern=\u00bbwithout_pattern\u00bb][vc_column][vc_separator type=\u00bbnormal\u00bb][\/vc_column][\/vc_row][vc_row css_animation=\u00bb\u00bb row_type=\u00bbrow\u00bb use_row_as_full_screen_section=\u00bbno\u00bb&#8230;<\/p>\n","protected":false},"author":1,"featured_media":0,"parent":0,"menu_order":0,"comment_status":"closed","ping_status":"closed","template":"","meta":{"footnotes":""},"class_list":["post-175","page","type-page","status-publish","hentry"],"_links":{"self":[{"href":"https:\/\/selab.com.ar\/index.php\/wp-json\/wp\/v2\/pages\/175","targetHints":{"allow":["GET"]}}],"collection":[{"href":"https:\/\/selab.com.ar\/index.php\/wp-json\/wp\/v2\/pages"}],"about":[{"href":"https:\/\/selab.com.ar\/index.php\/wp-json\/wp\/v2\/types\/page"}],"author":[{"embeddable":true,"href":"https:\/\/selab.com.ar\/index.php\/wp-json\/wp\/v2\/users\/1"}],"replies":[{"embeddable":true,"href":"https:\/\/selab.com.ar\/index.php\/wp-json\/wp\/v2\/comments?post=175"}],"version-history":[{"count":22,"href":"https:\/\/selab.com.ar\/index.php\/wp-json\/wp\/v2\/pages\/175\/revisions"}],"predecessor-version":[{"id":596,"href":"https:\/\/selab.com.ar\/index.php\/wp-json\/wp\/v2\/pages\/175\/revisions\/596"}],"wp:attachment":[{"href":"https:\/\/selab.com.ar\/index.php\/wp-json\/wp\/v2\/media?parent=175"}],"curies":[{"name":"wp","href":"https:\/\/api.w.org\/{rel}","templated":true}]}}