{"id":193,"date":"2018-02-06T13:55:19","date_gmt":"2018-02-06T13:55:19","guid":{"rendered":"http:\/\/bridge151.qodeinteractive.com\/?page_id=193"},"modified":"2021-12-08T22:46:53","modified_gmt":"2021-12-08T22:46:53","slug":"turnos-2","status":"publish","type":"page","link":"https:\/\/selab.com.ar\/index.php\/turnos-2\/","title":{"rendered":"Turnos"},"content":{"rendered":"<p>[vc_row css_animation=\u00bb\u00bb row_type=\u00bbrow\u00bb use_row_as_full_screen_section=\u00bbno\u00bb type=\u00bbfull_width\u00bb angled_section=\u00bbno\u00bb text_align=\u00bbleft\u00bb background_image_as_pattern=\u00bbwithout_pattern\u00bb][vc_column][vc_zigzag color=\u00bbwhite\u00bb el_border_width=\u00bb15&#8243;][\/vc_column][\/vc_row][vc_row row_type=\u00bbparallax\u00bb parallax_content_width=\u00bbin_grid\u00bb text_align=\u00bbcenter\u00bb full_screen_section_height=\u00bbno\u00bb][vc_column][vc_column_text]<\/p>\n<h1 style=\"text-align: center;\">Incorporamos la atenci\u00f3n a trav\u00e9s de Whats App.<\/h1>\n<h1 style=\"text-align: center;\">Por medio de esta v\u00eda pueden enviarnos la documentaci\u00f3n y gestionar de manera \u00e1gil y segura su pr\u00f3ximo turno para extracci\u00f3n y \/o recepci\u00f3n de muestras.<\/h1>\n<p><span style=\"color: #ffffff;\">Texto<\/span><\/p>\n<p><span style=\"color: #ffffff;\">Texto<\/span><\/p>\n<h4 style=\"text-align: center;\">Oprimiendo el \u00edcono de <a href=\"https:\/\/api.whatsapp.com\/send?phone=5492291566116\">Whats App<\/a> acceden de forma autom\u00e1tica al chat con una asesora que guiar\u00e1 la solicitud.<\/h4>\n<p><span style=\"color: #ffffff;\">Texto<\/span><\/p>\n<p><span style=\"color: #ffffff;\">Texto<\/span><\/p>\n<p style=\"text-align: center;\">Debe enviarnos una foto clara de la orden m\u00e9dica completa m\u00e1s los datos personales que abajo se detallan:<\/p>\n<p style=\"text-align: center;\">-Apellido y nombres<br \/>\n-Fecha de nacimiento<br \/>\n-DNI<br \/>\n-Direcci\u00f3n<br \/>\n-Tel\u00e9fono<br \/>\n-Obra social<br \/>\n-e-mail<\/p>\n<p style=\"text-align: center;\">Si la extracci\u00f3n es a domicilio deben solicitarlo aclarando la direcci\u00f3n exacta donde el profesional debe dirigirse.<\/p>\n<p style=\"text-align: center;\">Para saber la cobertura particular de su obra social acceda al panel de autorizaciones y preguntas frecuentes donde encontrar\u00e1 detallado todas las inquietudes al respecto.<\/p>\n<p><span style=\"color: #ffffff;\">TEXTO<\/span><\/p>\n<h4><strong>Si prefiere acercarse personalmente puede hacerlo a la direccion indicada haciendole un click a la imagen, Google Maps le indicara la ruta para encontrarnos.<\/strong><\/h4>\n<p>[\/vc_column_text][\/vc_column][\/vc_row][vc_row css_animation=\u00bb\u00bb row_type=\u00bbrow\u00bb use_row_as_full_screen_section=\u00bbno\u00bb type=\u00bbgrid\u00bb angled_section=\u00bbno\u00bb text_align=\u00bbleft\u00bb background_image_as_pattern=\u00bbwithout_pattern\u00bb padding_top=\u00bb116&#8243; padding_bottom=\u00bb59&#8243; z_index=\u00bb\u00bb css=\u00bb.vc_custom_1517927135584{background-color: #ffffff !important;}\u00bb][vc_column width=\u00bb1\/4&#8243;][\/vc_column][vc_column width=\u00bb1\/4&#8243; offset=\u00bbvc_col-md-6&#8243;][vc_row_inner row_type=\u00bbrow\u00bb type=\u00bbfull_width\u00bb text_align=\u00bbleft\u00bb css_animation=\u00bb\u00bb][vc_column_inner width=\u00bb1\/2&#8243; offset=\u00bbvc_col-md-6&#8243;][vc_single_image image=\u00bb310&#8243; img_size=\u00bbmedium\u00bb style=\u00bbvc_box_border\u00bb onclick=\u00bbcustom_link\u00bb img_link_target=\u00bb_blank\u00bb qode_css_animation=\u00bb\u00bb qode_hover_animation=\u00bbdarken\u00bb link=\u00bbhttps:\/\/api.whatsapp.com\/send?phone=5492291566116&#8243;][vc_empty_space height=\u00bb23px\u00bb][vc_column_text]<\/p>\n<h4 style=\"text-align: left;\">WhatsApp<\/h4>\n<p>[\/vc_column_text][vc_empty_space height=\u00bb14px\u00bb][vc_column_text]<span style=\"font-size: 24pt; color: #c6007e;\">2291 56 6116<\/span>[\/vc_column_text][vc_empty_space][\/vc_column_inner][vc_column_inner width=\u00bb1\/2&#8243;][vc_single_image image=\u00bb425&#8243; img_size=\u00bbfull\u00bb style=\u00bbvc_box_border\u00bb onclick=\u00bbcustom_link\u00bb img_link_target=\u00bb_blank\u00bb qode_css_animation=\u00bb\u00bb qode_hover_animation=\u00bbdarken\u00bb link=\u00bbhttps:\/\/www.google.es\/maps\/place\/SELAB+Laboratorio+de+an%C3%A1lisis+cl%C3%ADnicos\/@-38.2673712,-57.8372178,18z\/data=!4m12!1m6!3m5!1s0x95851087e79de82d:0x2ef165bc88d929c7!2sSELAB+Laboratorio+de+an%C3%A1lisis+cl%C3%ADnicos!8m2!3d-38.2673733!4d-57.8361208!3m4!1s0x95851087e79de82d:0x2ef165bc88d929c7!8m2!3d-38.2673733!4d-57.8361208&#8243;][vc_empty_space height=\u00bb23px\u00bb][vc_column_text]<\/p>\n<h4>Personalmente<\/h4>\n<p>[\/vc_column_text][vc_empty_space height=\u00bb14px\u00bb][vc_column_text]<span style=\"font-size: 24pt; color: #c6007e;\">Av. 26 N\u00b0 755 <span style=\"font-size: 8pt;\">(Miramar, Buenos Aires)<\/span><\/span><\/p>\n<p style=\"text-align: center;\"><a href=\"https:\/\/www.google.es\/maps\/place\/SELAB+Laboratorio+de+an%C3%A1lisis+cl%C3%ADnicos\/@-38.2673712,-57.8372178,18z\/data=!4m12!1m6!3m5!1s0x95851087e79de82d:0x2ef165bc88d929c7!2sSELAB+Laboratorio+de+an%C3%A1lisis+cl%C3%ADnicos!8m2!3d-38.2673733!4d-57.8361208!3m4!1s0x95851087e79de82d:0x2ef165bc88d929c7!8m2!3d-38.2673733!4d-57.8361208\" target=\"_blank\" rel=\"noopener\"><span style=\"color: #ffffff;\"><span data-type=\"circle\"   class=\"qode_icon_shortcode fa-stack q_font_awsome_icon_stack fa-lg  \" style=\" \"><i class=\"fa fa-circle fa-stack-base fa-stack-2x\" style=\"\"><\/i><i class=\"qode_icon_font_awesome fa fa-map qode_icon_element fa-stack-1x\" style=\"\" ><\/i><\/span>Google Maps<\/span><\/a><\/p>\n<p>[\/vc_column_text][vc_empty_space][\/vc_column_inner][\/vc_row_inner][\/vc_column][\/vc_row]<\/p>\n","protected":false},"excerpt":{"rendered":"<p>[vc_row css_animation=\u00bb\u00bb row_type=\u00bbrow\u00bb use_row_as_full_screen_section=\u00bbno\u00bb type=\u00bbfull_width\u00bb angled_section=\u00bbno\u00bb text_align=\u00bbleft\u00bb background_image_as_pattern=\u00bbwithout_pattern\u00bb][vc_column][vc_zigzag color=\u00bbwhite\u00bb el_border_width=\u00bb15&#8243;][\/vc_column][\/vc_row][vc_row row_type=\u00bbparallax\u00bb parallax_content_width=\u00bbin_grid\u00bb text_align=\u00bbcenter\u00bb full_screen_section_height=\u00bbno\u00bb][vc_column][vc_column_text] Incorporamos la atenci\u00f3n a trav\u00e9s de Whats App. Por medio de esta v\u00eda pueden enviarnos la documentaci\u00f3n y gestionar de manera \u00e1gil y segura su pr\u00f3ximo turno para extracci\u00f3n y \/o&#8230;<\/p>\n","protected":false},"author":1,"featured_media":0,"parent":0,"menu_order":0,"comment_status":"closed","ping_status":"closed","template":"full_width.php","meta":{"footnotes":""},"class_list":["post-193","page","type-page","status-publish","hentry"],"_links":{"self":[{"href":"https:\/\/selab.com.ar\/index.php\/wp-json\/wp\/v2\/pages\/193","targetHints":{"allow":["GET"]}}],"collection":[{"href":"https:\/\/selab.com.ar\/index.php\/wp-json\/wp\/v2\/pages"}],"about":[{"href":"https:\/\/selab.com.ar\/index.php\/wp-json\/wp\/v2\/types\/page"}],"author":[{"embeddable":true,"href":"https:\/\/selab.com.ar\/index.php\/wp-json\/wp\/v2\/users\/1"}],"replies":[{"embeddable":true,"href":"https:\/\/selab.com.ar\/index.php\/wp-json\/wp\/v2\/comments?post=193"}],"version-history":[{"count":60,"href":"https:\/\/selab.com.ar\/index.php\/wp-json\/wp\/v2\/pages\/193\/revisions"}],"predecessor-version":[{"id":578,"href":"https:\/\/selab.com.ar\/index.php\/wp-json\/wp\/v2\/pages\/193\/revisions\/578"}],"wp:attachment":[{"href":"https:\/\/selab.com.ar\/index.php\/wp-json\/wp\/v2\/media?parent=193"}],"curies":[{"name":"wp","href":"https:\/\/api.w.org\/{rel}","templated":true}]}}