{"id":261,"date":"2021-10-19T22:42:44","date_gmt":"2021-10-19T22:42:44","guid":{"rendered":"http:\/\/selab.com.ar\/?page_id=261"},"modified":"2021-12-16T01:59:09","modified_gmt":"2021-12-16T01:59:09","slug":"autyordenes","status":"publish","type":"page","link":"https:\/\/selab.com.ar\/index.php\/autyordenes\/","title":{"rendered":"Autorizaciones y Ordenes"},"content":{"rendered":"<p>[vc_row css_animation=\u00bb\u00bb row_type=\u00bbrow\u00bb use_row_as_full_screen_section=\u00bbno\u00bb type=\u00bbfull_width\u00bb angled_section=\u00bbno\u00bb text_align=\u00bbleft\u00bb background_image_as_pattern=\u00bbwithout_pattern\u00bb][vc_column][vc_column_text]<\/p>\n<h1 style=\"text-align: center;\"><\/h1>\n<p style=\"text-align: center;\"><em>En esta secci\u00f3n podr\u00e1 encontrar los requisitos necesarios para la autorizaci\u00f3n de su obra social.<\/em><\/p>\n<p><span style=\"color: #ffffff;\">tEXTO<\/span><\/p>\n<p><span style=\"color: #ffffff;\">texto<\/span><\/p>\n<p style=\"text-align: center;\"><span style=\"font-size: 18pt; color: #666699;\"><strong>Recuerde que en la solapa \u201c<\/strong><\/span><em><span style=\"font-size: 18pt; color: #ff00ff;\"><strong><a style=\"color: #ff00ff;\" href=\"http:\/\/selab.com.ar\/index.php\/turnos-2\/\" target=\"_blank\" rel=\"noopener\">Turnos<\/a><\/strong><\/span><\/em><span style=\"font-size: 18pt; color: #666699;\"><strong>\u201d puede ver brevemente que debe presentar de manera presencial u on line para realizar sus an\u00e1lisis.<\/strong><\/span><\/p>\n<p>[\/vc_column_text][\/vc_column][\/vc_row][vc_row css_animation=\u00bb\u00bb row_type=\u00bbrow\u00bb use_row_as_full_screen_section=\u00bbno\u00bb type=\u00bbfull_width\u00bb angled_section=\u00bbno\u00bb text_align=\u00bbleft\u00bb background_image_as_pattern=\u00bbwithout_pattern\u00bb][vc_column][vc_separator type=\u00bbnormal\u00bb][\/vc_column][\/vc_row][vc_row css_animation=\u00bb\u00bb row_type=\u00bbrow\u00bb use_row_as_full_screen_section=\u00bbno\u00bb type=\u00bbfull_width\u00bb angled_section=\u00bbno\u00bb text_align=\u00bbleft\u00bb background_image_as_pattern=\u00bbwithout_pattern\u00bb][vc_column][vc_accordion style=\u00bbaccordion\u00bb][vc_accordion_tab title=\u00bbAMEBPBA \/ BANCO PROVINCIA\u00bb][vc_column_text]<\/p>\n<ul>\n<li><strong><u>La orden se autoriza en el laboratorio<\/u><\/strong><\/li>\n<\/ul>\n<p>[\/vc_column_text][\/vc_accordion_tab][vc_accordion_tab title=\u00bbAMMFA\u00bb][vc_column_text]<\/p>\n<ul>\n<li><strong><u>La orden se autoriza en el laboratorio<\/u><\/strong><\/li>\n<\/ul>\n<p>[\/vc_column_text][\/vc_accordion_tab][vc_accordion_tab title=\u00bbAVALIAN \/ ACA SALUD\u00bb][vc_column_text]<\/p>\n<ul>\n<li><strong><u>La orden se autoriza en el laboratorio<\/u><\/strong><\/li>\n<\/ul>\n<p>[\/vc_column_text][\/vc_accordion_tab][vc_accordion_tab title=\u00bbCASA\u00bb][vc_column_text]<\/p>\n<ul>\n<li><strong><u>No requiere autorizaci\u00f3n<\/u><\/strong><\/li>\n<\/ul>\n<p>[\/vc_column_text][\/vc_accordion_tab][vc_accordion_tab title=\u00bbCOLEGIO DE ESCRIBANOS\u00bb][vc_column_text]<\/p>\n<ul>\n<li><strong><u>No requiere autorizaci\u00f3n<\/u><\/strong><\/li>\n<\/ul>\n<p>[\/vc_column_text][\/vc_accordion_tab][vc_accordion_tab title=\u00bbCOLEGIO DE FARMACEUTICOS\u00bb][vc_column_text]<\/p>\n<ul>\n<li><strong><u>Requiere autorizaci\u00f3n previa de la obra social, dirigirse previamente a la sucursal m\u00e1s cercana<\/u><\/strong><\/li>\n<\/ul>\n<p>[\/vc_column_text][\/vc_accordion_tab][vc_accordion_tab title=\u00bbCOMEI\u00bb][vc_column_text]<\/p>\n<ul>\n<li><strong><u>La orden se autoriza en el laboratorio<\/u><\/strong><\/li>\n<\/ul>\n<p>[\/vc_column_text][\/vc_accordion_tab][vc_accordion_tab title=\u00bbFEDERADA SALUD\u00bb][vc_column_text]<\/p>\n<ul>\n<li><strong><u>La orden se autoriza en el laboratorio<\/u><\/strong><\/li>\n<\/ul>\n<p>[\/vc_column_text][\/vc_accordion_tab][vc_accordion_tab title=\u00bbFOTOGRAFOS\u00bb][vc_column_text]Requiere autorizaci\u00f3n previa de la obra social, dirigirse previamente a la sucursal m\u00e1s cercana[\/vc_column_text][\/vc_accordion_tab][vc_accordion_tab title=\u00bbFUTBOLISTAS\u00bb][vc_column_text]Requiere autorizaci\u00f3n previa de la obra social, dirigirse previamente a la sucursal m\u00e1s cercana[\/vc_column_text][\/vc_accordion_tab][vc_accordion_tab title=\u00bbGALENO\u00bb][vc_column_text]La orden se autoriza en el laboratorio<\/p>\n<p>-La orden m\u00e9dica se autorizar\u00e1 el mismo d\u00eda de la extracci\u00f3n, pudiendo quedar en auditor\u00eda.<\/p>\n<p>[\/vc_column_text][\/vc_accordion_tab][vc_accordion_tab title=\u00bbIOMA\u00bb title_tag=\u00bbh2&#8243;][vc_column_text]La orden se autoriza en el laboratorio<\/p>\n<p>La orden debe presentarse en el laboratorio como m\u00ednimo 24 hs antes de la extracci\u00f3n para su autorizaci\u00f3n. La auditor\u00eda de por parte de FABA (Federaci\u00f3n Bioqu\u00edmica Argentina) puede demorar entre 48-72hs.<\/p>\n<p>La prescripci\u00f3n m\u00e9dica debe estar en un formulario de FEMEBA, Agremiaci\u00f3n M\u00e9dica, Federaci\u00f3n o Centro M\u00e9dico, caso contrario deben transcribirlas al bono correspondiente. Deben estar escritas de pu\u00f1o y letra del m\u00e9dico, no se aceptan ordenes preimpresas.<\/p>\n<p>El afiliado que no cuente con coseguro o pertenezca a alg\u00fan plan espec\u00edfico debe abonar $200 del bono \u00fanico de IOMA<\/p>\n<p>Planes de IOMA:<\/p>\n<ul>\n<li>MATERNO INFANTIL: Afiliadas embarazadas, deben descargar los bonos del plan por la p\u00e1gina de IOMA o solicitarlos en la delegaci\u00f3n. Si se prescriben pr\u00e1cticas no incluidas en el plan materno infantil las mismas se autorizar\u00e1n a trav\u00e9s del convenio capitado debiendo abonar en el laboratorio el copago de $200 correspondiente.<\/li>\n<\/ul>\n<p>Las \u00f3rdenes m\u00e9dicas en la primera consulta, pueden incluir una o todas las pr\u00e1cticas que a continuaci\u00f3n se detallan: Hemograma &#8211; Glucemia &#8211; Uremia &#8211; Grupo y Factor sangu\u00edneo &#8211; Orina completa. Ante el pedido de serolog\u00eda, se podr\u00e1n solicitar una o todas las pr\u00e1cticas de las siguientes: Toxoplasmosis &#8211; Chagas &#8211; VDRL &#8211; HIV &#8211; Ant\u00edgeno de Superficie Hbs Ag. El control entre las 24-28 semanas de embarazo incluye: Hemograma &#8211; Glucemia pre y postprandial &#8211; Uricemia &#8211; HIV &#8211; Orina completa. El control entre las 32-36 semanas de embarazo incluye: Hemograma &#8211; Glucemia &#8211; Uricemia &#8211; Coagulograma &#8211; HIV &#8211; VDRL &#8211; Toxoplasmosis &#8211; Hepatitis B &#8211; Orina completa &#8211; Beta Hemol\u00edtico Agalactiae. Eventualmente cuando fuere necesario podr\u00e1 prescribirse por \u00fanica vez: Urocultivo con Antibiograma.<\/p>\n<p>Las pr\u00e1cticas prescriptas que no se correspondan con las mencionadas anteriormente no tendr\u00e1n cobertura del Plan Materno Infantil<\/p>\n<p>Tiene la cobertura del RN hasta que generen su credencial.<\/p>\n<ul>\n<li>MEPPES: Este plan es designado por IOMA a los afiliados que padezcan alguna enfermedad cr\u00f3nica.<\/li>\n<li>FERTILIZACION: Para los afiliados que entren en un tratamiento de fertilizaci\u00f3n asistida y lo declaren en la obra social. Una vez ingresado en este plan solo se \u00a0autorizan las pr\u00e0cticas que pertenecen al mismo.<\/li>\n<\/ul>\n<ul>\n<li>SER: A este plan pertenecen las mujeres de entre 14-75 a\u00f1os que est\u00e9n en tratamiento de anticoncepci\u00f3n. Debe est\u00e1n especificado en el diagn\u00f3stico m\u00e9dico. Si prescriben practicas no incluidas en el plan deber\u00e1n ingresarse en IOMA capitado y abonar el copago de $200 correspondiente<\/li>\n<li>COLORRECTAL: Plan gratuito para todos los afiliados de IOMA de entre 50-75 A\u00f1os que deseen realizarse el estudio de SOMF (Sangre oculta en materia fecal), suele utilizarse para la detecci\u00f3n precoz de c\u00e1ncer de colon. El afiliado no necesita contar con orden m\u00e9dica, si desea realizarlo solo se lo comunica a la administrativa que le har\u00e1 completar la planilla correspondiente y le brindar\u00e1 las indicaciones.<\/li>\n<\/ul>\n<ul>\n<li>IOMA 042: Programa destinado al control de pacientes con HIV. La orden m\u00e9dica debe especificar en el diagnostico dicha patolog\u00eda. Las pr\u00e1cticas cubiertas en este plan deben prescribirse en una orden aparte.<\/li>\n<\/ul>\n<p>[\/vc_column_text][\/vc_accordion_tab][vc_accordion_tab title=\u00bbIOSFA\u00bb][vc_column_text]La orden se autoriza en el laboratorio<\/p>\n<p>La orden deber\u00e1 ser presentada como m\u00ednimo 24hs antes de la extracci\u00f3n. Se verificar\u00e1 su afiliaci\u00f3n y se le informar\u00e1 el copago o a abonar .[\/vc_column_text][\/vc_accordion_tab][vc_accordion_tab title=\u00bbJERARQUICOS\u00bb][vc_column_text]Requiere autorizaci\u00f3n previa de la obra social, dirigirse previamente a la sucursal m\u00e1s cercana[\/vc_column_text][\/vc_accordion_tab][vc_accordion_tab title=\u00bbLUIS PASTEUR\u00bb][vc_column_text]No requiere autorizaci\u00f3n[\/vc_column_text][\/vc_accordion_tab][vc_accordion_tab title=\u00bbLUZ Y FUERZA\u00bb][vc_column_text]Requiere autorizaci\u00f3n previa de la obra social, dirigirse previamente a la sucursal m\u00e1s cercana[\/vc_column_text][\/vc_accordion_tab][vc_accordion_tab title=\u00bbMEDICUS\u00bb][vc_column_text]No requiere autorizaci\u00f3n[\/vc_column_text][\/vc_accordion_tab][vc_accordion_tab title=\u00bbMEDIFE\u00bb][vc_column_text]La orden se autoriza en el laboratorio[\/vc_column_text][\/vc_accordion_tab][vc_accordion_tab title=\u00bbOAM\u00bb][vc_column_text]No requiere autorizaci\u00f3n[\/vc_column_text][\/vc_accordion_tab][vc_accordion_tab title=\u00bbOSAMP \/ PROPAGANDA MEDICA\u00bb][vc_column_text]La orden se autoriza en el laboratorio[\/vc_column_text][\/vc_accordion_tab][vc_accordion_tab title=\u00bbOSARPHY\u00bb][vc_column_text]La orden se autoriza en el laboratorio[\/vc_column_text][\/vc_accordion_tab][vc_accordion_tab title=\u00bbOSDE\u00bb title_tag=\u00bbh2&#8243;][vc_column_text]La orden se autoriza en el laboratorio<\/p>\n<p>La administrativa le solicitara el c\u00f3digo de seguridad de la credencial digital para realizar la autorizaci\u00f3n de las pr\u00e1cticas de manera online. Recomendamos siempre realizar la autorizaci\u00f3n \u00a024hs previas a la extracci\u00f3n, ya que hay pr\u00e1cticas que pueden requerir autorizaci\u00f3n en la delegaci\u00f3n de OSDE ( VITAMINA D, PSA TOTAL, PSA LIBRE, ATPO, HEMOGLOBINA GLICOCILADA y SOMATOMEDINA) o quedar en auditor\u00eda.[\/vc_column_text][\/vc_accordion_tab][vc_accordion_tab title=\u00bbOSDEPYM\u00bb][vc_column_text]Requieren autorizaci\u00f3n s\u00f3lo pr\u00e1cticas de alta complejidad (consultar)[\/vc_column_text][\/vc_accordion_tab][vc_accordion_tab title=\u00bbOSECAC\u00bb][vc_column_text]Requiere autorizaci\u00f3n previa de la obra social, dirigirse previamente a la sucursal m\u00e1s cercana[\/vc_column_text][\/vc_accordion_tab][vc_accordion_tab title=\u00bbOSPEDYC\u00bb][vc_column_text]No requiere autorizaci\u00f3n[\/vc_column_text][\/vc_accordion_tab][vc_accordion_tab title=\u00bbOSPEPBA\u00bb][vc_column_text]Requiere autorizaci\u00f3n previa de la obra social, dirigirse previamente a la sucursal m\u00e1s cercana[\/vc_column_text][\/vc_accordion_tab][vc_accordion_tab title=\u00bbOSPERCIN\u00bb][vc_column_text]Requiere autorizaci\u00f3n previa de la obra social, dirigirse previamente a la sucursal m\u00e1s cercana[\/vc_column_text][\/vc_accordion_tab][vc_accordion_tab title=\u00bbOSPERYHRA\u00bb][vc_column_text]Requiere autorizaci\u00f3n previa de la obra social, dirigirse previamente a la sucursal m\u00e1s cercana[\/vc_column_text][\/vc_accordion_tab][vc_accordion_tab title=\u00bbOSPESA\u00bb][vc_column_text]Requieren autorizaci\u00f3n s\u00f3lo pr\u00e1cticas de alta complejidad (consultar)[\/vc_column_text][\/vc_accordion_tab][vc_accordion_tab title=\u00bbOSPIM \/ MADEREROS\u00bb][vc_column_text]Requiere autorizaci\u00f3n previa de la obra social, dirigirse previamente a la sucursal m\u00e1s cercana[\/vc_column_text][\/vc_accordion_tab][vc_accordion_tab title=\u00bbOSPRERA\u00bb][vc_column_text]Requiere autorizaci\u00f3n previa de la obra social, dirigirse previamente a la sucursal m\u00e1s cercana[\/vc_column_text][\/vc_accordion_tab][vc_accordion_tab title=\u00bbOSSEG\u00bb][vc_column_text]La orden se autoriza en el laboratorio[\/vc_column_text][\/vc_accordion_tab][vc_accordion_tab title=\u00bbOSTEL\u00bb][vc_column_text]Requieren autorizaci\u00f3n s\u00f3lo pr\u00e1cticas de alta complejidad (consultar)[\/vc_column_text][\/vc_accordion_tab][vc_accordion_tab title=\u00bbPAMI\u00bb title_tag=\u00bbh2&#8243;][vc_column_text]La orden se autoriza en el laboratorio<\/p>\n<p>Las \u00f3rdenes m\u00e9dicas deben estar siempre en el formulario de dicha obra social (Bono electr\u00f3nico, manual amarillo, blanco y naranja o recetario de PAMI del Hospital Houssay) . Debe estar prescripto por el m\u00e9dico de cabecera o especialistas que pertenezcan a PAMI.<\/p>\n<p>Existe una nueva modalidad de auditor\u00eda de PAMI donde ciertas pr\u00e1cticas solo podr\u00e1n realizarse determinadas veces por a\u00f1o. Las pr\u00e1cticas son: PERFIL LIPIDICO, HEMOGLOBINA GLICICOLADA, TSH, T4, T4L, PSA TOTAL, PSA LIBRE, VITAMINA D. Las administrativas le indicar\u00e1n si dichas pr\u00e1cticas est\u00e1n autorizadas , caso contrario le dir\u00e1n la fecha a partir de la cual podr\u00e1 realizarlas nuevamente.<\/p>\n<p>Hay casos especiales en ciertas patolog\u00edas que requieren un control peri\u00f3dico y con un resumen de historia cl\u00ednica la delegaci\u00f3n de PAMI lo autoriza de forma manual.<\/p>\n<p>La orden se autoriza el mismo d\u00eda de la extracci\u00f3n.<\/p>\n<p>PAMI VETERANOS DE GUERRA: deber\u00e1n presentar los bonos correspondientes al plan o la orden electr\u00f3nica emitida en la delegaci\u00f3n, junto a una fotocopia de DNI Y el \u00faltimo recibo de sueldo.<\/p>\n<p>PAMI EN TRANSITO: Solo pueden atenderse los beneficiarios que tengan las pr\u00e1cticas solicitadas en la planilla correspondiente emitida en la delegaci\u00f3n de PAMI.[\/vc_column_text][\/vc_accordion_tab][vc_accordion_tab title=\u00bbPERSONAL DE FARMACIA\u00bb][vc_column_text]Requiere autorizaci\u00f3n previa de la obra social, dirigirse previamente a la sucursal m\u00e1s cercana[\/vc_column_text][\/vc_accordion_tab][vc_accordion_tab title=\u00bbPODER JUDICIAL\u00bb][vc_column_text]Requieren autorizaci\u00f3n s\u00f3lo pr\u00e1cticas de alta complejidad (consultar)[\/vc_column_text][\/vc_accordion_tab][vc_accordion_tab title=\u00bbPOLICIA FEDERAL\u00bb][vc_column_text]Requieren autorizaci\u00f3n s\u00f3lo pr\u00e1cticas de alta complejidad (consultar)[\/vc_column_text][\/vc_accordion_tab][vc_accordion_tab title=\u00bbPREVENCION SALUD\u00bb][vc_column_text]Requieren autorizaci\u00f3n s\u00f3lo pr\u00e1cticas de alta complejidad (consultar)[\/vc_column_text][\/vc_accordion_tab][vc_accordion_tab title=\u00bbSAMI\u00bb][vc_column_text]No requiere autorizaci\u00f3n[\/vc_column_text][\/vc_accordion_tab][vc_accordion_tab title=\u00bbSANCOR SALUD\u00bb][vc_column_text]La orden se autoriza en el laboratorio[\/vc_column_text][\/vc_accordion_tab][vc_accordion_tab title=\u00bbSCIS\u00bb][vc_column_text]La orden se autoriza en el laboratorio[\/vc_column_text][\/vc_accordion_tab][vc_accordion_tab title=\u00bbSMATA \/ OSMATA\u00bb][vc_column_text]Requiere autorizaci\u00f3n previa de la obra social, dirigirse previamente a la sucursal m\u00e1s cercana[\/vc_column_text][\/vc_accordion_tab][vc_accordion_tab title=\u00bbSUMA\u00bb][vc_column_text]Requiere autorizaci\u00f3n previa de la obra social, dirigirse previamente a la sucursal m\u00e1s cercana[\/vc_column_text][\/vc_accordion_tab][vc_accordion_tab title=\u00bbSWISS MEDICAL\u00bb][vc_column_text]La orden se autoriza en el laboratorio<\/p>\n<p>La administrativa le solicitara el c\u00f3digo de seguridad de la credencial digital para poder autorizar la orden m\u00e9dica. Recomendamos siempre realizar la autorizaci\u00f3n un m\u00ednimo de 24hs previas a la extracci\u00f3n.[\/vc_column_text][\/vc_accordion_tab][vc_accordion_tab title=\u00bbTV SALUD\u00bb][vc_column_text]Requiere autorizaci\u00f3n previa de la obra social, dirigirse previamente a la sucursal m\u00e1s cercana[\/vc_column_text][\/vc_accordion_tab][vc_accordion_tab title=\u00bbUNION PERSONAL\u00bb title_tag=\u00bbh2&#8243;][vc_column_text]La orden se autoriza en el laboratorio<\/p>\n<p>Solo se aceptan recetas de centros o federaciones m\u00e9dicas, particulares del m\u00e9dico o de FEMEBA. De lo contrario la misma deber\u00e1 ser transcripta al recetario correspondiente. No acepta ordenes preimpresas.<\/p>\n<p>Debe autorizarse como m\u00ednimo 24hs antes de la atenci\u00f3n. Las pr\u00e1cticas pueden quedar en auditoria durante 48-72hs.<\/p>\n<p>A partir del 01-08-2021 todos los afiliados deber\u00e1n abonar el APB en el laboratorio y los planes MONOTRIBUTO, PMO, UP10 abonan copago seg\u00fan las practicas solicitadas.[\/vc_column_text][\/vc_accordion_tab][\/vc_accordion][\/vc_column][\/vc_row]<\/p>\n","protected":false},"excerpt":{"rendered":"<p>[vc_row css_animation=\u00bb\u00bb row_type=\u00bbrow\u00bb use_row_as_full_screen_section=\u00bbno\u00bb type=\u00bbfull_width\u00bb angled_section=\u00bbno\u00bb text_align=\u00bbleft\u00bb background_image_as_pattern=\u00bbwithout_pattern\u00bb][vc_column][vc_column_text] En esta secci\u00f3n podr\u00e1 encontrar los requisitos necesarios para la autorizaci\u00f3n de su obra social. tEXTO texto Recuerde que en la solapa \u201cTurnos\u201d puede ver brevemente que debe presentar de manera presencial u on line para realizar&#8230;<\/p>\n","protected":false},"author":1,"featured_media":0,"parent":0,"menu_order":0,"comment_status":"closed","ping_status":"closed","template":"","meta":{"footnotes":""},"class_list":["post-261","page","type-page","status-publish","hentry"],"_links":{"self":[{"href":"https:\/\/selab.com.ar\/index.php\/wp-json\/wp\/v2\/pages\/261","targetHints":{"allow":["GET"]}}],"collection":[{"href":"https:\/\/selab.com.ar\/index.php\/wp-json\/wp\/v2\/pages"}],"about":[{"href":"https:\/\/selab.com.ar\/index.php\/wp-json\/wp\/v2\/types\/page"}],"author":[{"embeddable":true,"href":"https:\/\/selab.com.ar\/index.php\/wp-json\/wp\/v2\/users\/1"}],"replies":[{"embeddable":true,"href":"https:\/\/selab.com.ar\/index.php\/wp-json\/wp\/v2\/comments?post=261"}],"version-history":[{"count":46,"href":"https:\/\/selab.com.ar\/index.php\/wp-json\/wp\/v2\/pages\/261\/revisions"}],"predecessor-version":[{"id":656,"href":"https:\/\/selab.com.ar\/index.php\/wp-json\/wp\/v2\/pages\/261\/revisions\/656"}],"wp:attachment":[{"href":"https:\/\/selab.com.ar\/index.php\/wp-json\/wp\/v2\/media?parent=261"}],"curies":[{"name":"wp","href":"https:\/\/api.w.org\/{rel}","templated":true}]}}